{"id":4694,"date":"2012-12-07T11:35:07","date_gmt":"2012-12-07T14:35:07","guid":{"rendered":"http:\/\/gazetadebarao.com.br\/click\/?page_id=4694"},"modified":"2025-09-23T16:33:42","modified_gmt":"2025-09-23T19:33:42","slug":"anuncie","status":"publish","type":"page","link":"https:\/\/gazetadametropole.com.br\/click\/anuncie\/","title":{"rendered":"Anuncie"},"content":{"rendered":"<p><strong>Valores para anunciar no Click<\/strong><\/p>\n<p><strong>Full Banner<\/strong> (728&#215;90 px) &#8211; R$ 900,00 \/ semana<br \/>\n<img loading=\"lazy\" decoding=\"async\" class=\"size-full wp-image-48013 alignleft\" src=\"http:\/\/gazetadebarao.com.br\/click\/wp-content\/uploads\/2017\/08\/banner-728x90-click.jpg\" alt=\"\" width=\"728\" height=\"90\" srcset=\"https:\/\/gazetadametropole.com.br\/click\/wp-content\/uploads\/2017\/08\/banner-728x90-click.jpg 728w, https:\/\/gazetadametropole.com.br\/click\/wp-content\/uploads\/2017\/08\/banner-728x90-click-300x37.jpg 300w, https:\/\/gazetadametropole.com.br\/click\/wp-content\/uploads\/2017\/08\/banner-728x90-click-110x14.jpg 110w, https:\/\/gazetadametropole.com.br\/click\/wp-content\/uploads\/2017\/08\/banner-728x90-click-420x52.jpg 420w\" sizes=\"auto, (max-width: 728px) 100vw, 728px\" \/><\/p>\n<p>&nbsp;<\/p>\n<p>&nbsp;<\/p>\n<p>&nbsp;<\/p>\n<p><strong>Banner Grande<\/strong> (240&#215;400 px) &#8211; R$ 500,00 \/ semana<br \/>\n<img loading=\"lazy\" decoding=\"async\" class=\"size-full wp-image-48011 alignleft\" src=\"http:\/\/gazetadebarao.com.br\/click\/wp-content\/uploads\/2017\/08\/banner-240-x-400-click.jpg\" alt=\"\" width=\"240\" height=\"400\" srcset=\"https:\/\/gazetadametropole.com.br\/click\/wp-content\/uploads\/2017\/08\/banner-240-x-400-click.jpg 240w, https:\/\/gazetadametropole.com.br\/click\/wp-content\/uploads\/2017\/08\/banner-240-x-400-click-180x300.jpg 180w, https:\/\/gazetadametropole.com.br\/click\/wp-content\/uploads\/2017\/08\/banner-240-x-400-click-66x110.jpg 66w\" sizes=\"auto, (max-width: 240px) 100vw, 240px\" \/><\/p>\n<p>&nbsp;<\/p>\n<p>&nbsp;<\/p>\n<p>&nbsp;<\/p>\n<p>&nbsp;<\/p>\n<p>&nbsp;<\/p>\n<p>&nbsp;<\/p>\n<p>&nbsp;<\/p>\n<p>&nbsp;<\/p>\n<p>&nbsp;<\/p>\n<p>&nbsp;<\/p>\n<p>&nbsp;<\/p>\n<p>&nbsp;<\/p>\n<p>&nbsp;<\/p>\n<p><strong>Banner Pequeno<\/strong> (125&#215;125 px) &#8211; R$ 150,00 \/ semana<br \/>\n<img loading=\"lazy\" decoding=\"async\" class=\"size-full wp-image-48010 alignleft\" src=\"http:\/\/gazetadebarao.com.br\/click\/wp-content\/uploads\/2017\/08\/banner-125x125-click.jpg\" alt=\"\" width=\"125\" height=\"125\" srcset=\"https:\/\/gazetadametropole.com.br\/click\/wp-content\/uploads\/2017\/08\/banner-125x125-click.jpg 125w, https:\/\/gazetadametropole.com.br\/click\/wp-content\/uploads\/2017\/08\/banner-125x125-click-64x64.jpg 64w, https:\/\/gazetadametropole.com.br\/click\/wp-content\/uploads\/2017\/08\/banner-125x125-click-110x110.jpg 110w\" sizes=\"auto, (max-width: 125px) 100vw, 125px\" \/><\/p>\n<p>&nbsp;<\/p>\n<p>&nbsp;<\/p>\n<p>&nbsp;<\/p>\n<p>&nbsp;<\/p>\n<p>&nbsp;<\/p>\n<p><strong>Banner Post patrocinado<\/strong> (750&#215;150 px) &#8211; R$ 800,00<\/p>\n<p><img loading=\"lazy\" decoding=\"async\" class=\"size-full wp-image-48020 alignleft\" src=\"http:\/\/gazetadebarao.com.br\/click\/wp-content\/uploads\/2012\/12\/banner-750x150-click-2.jpg\" alt=\"\" width=\"750\" height=\"150\" srcset=\"https:\/\/gazetadametropole.com.br\/click\/wp-content\/uploads\/2012\/12\/banner-750x150-click-2.jpg 750w, https:\/\/gazetadametropole.com.br\/click\/wp-content\/uploads\/2012\/12\/banner-750x150-click-2-300x60.jpg 300w, https:\/\/gazetadametropole.com.br\/click\/wp-content\/uploads\/2012\/12\/banner-750x150-click-2-110x22.jpg 110w, https:\/\/gazetadametropole.com.br\/click\/wp-content\/uploads\/2012\/12\/banner-750x150-click-2-420x84.jpg 420w\" sizes=\"auto, (max-width: 750px) 100vw, 750px\" \/><\/p>\n<p>&nbsp;<\/p>\n<p>&nbsp;<\/p>\n<p>&nbsp;<\/p>\n<p>&nbsp;<\/p>\n<p>&nbsp;<\/p>\n<p>&nbsp;<\/p>\n<p>&nbsp;<\/p>\n<p><strong>Descontos<\/strong><br \/>\n10% para programa\u00e7\u00e3o de 3 meses<br \/>\n20% para programa\u00e7\u00e3o de 6 meses<\/p>\n<p><strong>Cobertura de eventos<\/strong><br \/>\nper\u00edodo de 1 hora<br \/>\nde 20 a 40 fotos<br \/>\nR$ 600,00<\/p>\n<p><strong>Click Neg\u00f3cios<\/strong> &#8211; reportagem em v\u00eddeo<br \/>\nR$ 1.800,00<\/p>\n","protected":false},"excerpt":{"rendered":"<p>Valores para anunciar no Click Full Banner (728&#215;90 px) &#8211; R$ 900,00 \/ semana &nbsp; &nbsp; &nbsp; Banner Grande (240&#215;400 px) &#8211; R$ 500,00 \/ semana &nbsp; &nbsp; &nbsp; &nbsp; &nbsp; &nbsp; &nbsp; &nbsp; &nbsp; &nbsp; &nbsp; &nbsp; &nbsp; Banner Pequeno (125&#215;125 px) &#8211; R$ 150,00 \/ semana &nbsp; &nbsp; &nbsp; &nbsp; &nbsp; Banner Post [&hellip;]<\/p>\n","protected":false},"author":2,"featured_media":0,"parent":0,"menu_order":0,"comment_status":"open","ping_status":"open","template":"","meta":{"footnotes":""},"class_list":["post-4694","page","type-page","status-publish","hentry"],"yoast_head":"<!-- This site is optimized with the Yoast SEO plugin v27.6 - https:\/\/yoast.com\/product\/yoast-seo-wordpress\/ -->\n<title>Anuncie &#187; Click Biz<\/title>\n<meta name=\"robots\" content=\"index, follow, max-snippet:-1, max-image-preview:large, max-video-preview:-1\" \/>\n<link rel=\"canonical\" href=\"https:\/\/gazetadametropole.com.br\/click\/anuncie\/\" \/>\n<meta property=\"og:locale\" content=\"pt_BR\" \/>\n<meta property=\"og:type\" content=\"article\" \/>\n<meta property=\"og:title\" content=\"Anuncie &#187; Click Biz\" \/>\n<meta property=\"og:description\" content=\"Valores para anunciar no Click Full Banner (728&#215;90 px) &#8211; R$ 900,00 \/ semana &nbsp; &nbsp; &nbsp; Banner Grande (240&#215;400 px) &#8211; R$ 500,00 \/ semana &nbsp; &nbsp; &nbsp; &nbsp; &nbsp; &nbsp; &nbsp; &nbsp; &nbsp; &nbsp; &nbsp; &nbsp; &nbsp; Banner Pequeno (125&#215;125 px) &#8211; R$ 150,00 \/ semana &nbsp; &nbsp; &nbsp; &nbsp; &nbsp; Banner Post [&hellip;]\" \/>\n<meta property=\"og:url\" content=\"https:\/\/gazetadametropole.com.br\/click\/anuncie\/\" \/>\n<meta property=\"og:site_name\" content=\"Click Biz\" \/>\n<meta property=\"article:publisher\" content=\"https:\/\/www.facebook.com\/ClickCampinas\/\" \/>\n<meta property=\"article:modified_time\" content=\"2025-09-23T19:33:42+00:00\" \/>\n<meta property=\"og:image\" content=\"http:\/\/gazetadebarao.com.br\/click\/wp-content\/uploads\/2017\/08\/banner-728x90-click.jpg\" \/>\n<meta name=\"twitter:card\" content=\"summary_large_image\" \/>\n<meta name=\"twitter:label1\" content=\"Est. tempo de leitura\" \/>\n\t<meta name=\"twitter:data1\" content=\"2 minutos\" \/>\n<script type=\"application\/ld+json\" class=\"yoast-schema-graph\">{\"@context\":\"https:\\\/\\\/schema.org\",\"@graph\":[{\"@type\":\"WebPage\",\"@id\":\"https:\\\/\\\/gazetadametropole.com.br\\\/click\\\/anuncie\\\/\",\"url\":\"https:\\\/\\\/gazetadametropole.com.br\\\/click\\\/anuncie\\\/\",\"name\":\"Anuncie &#187; Click Biz\",\"isPartOf\":{\"@id\":\"https:\\\/\\\/gazetadametropole.com.br\\\/click\\\/#website\"},\"primaryImageOfPage\":{\"@id\":\"https:\\\/\\\/gazetadametropole.com.br\\\/click\\\/anuncie\\\/#primaryimage\"},\"image\":{\"@id\":\"https:\\\/\\\/gazetadametropole.com.br\\\/click\\\/anuncie\\\/#primaryimage\"},\"thumbnailUrl\":\"http:\\\/\\\/gazetadebarao.com.br\\\/click\\\/wp-content\\\/uploads\\\/2017\\\/08\\\/banner-728x90-click.jpg\",\"datePublished\":\"2012-12-07T14:35:07+00:00\",\"dateModified\":\"2025-09-23T19:33:42+00:00\",\"breadcrumb\":{\"@id\":\"https:\\\/\\\/gazetadametropole.com.br\\\/click\\\/anuncie\\\/#breadcrumb\"},\"inLanguage\":\"pt-BR\",\"potentialAction\":[{\"@type\":\"ReadAction\",\"target\":[\"https:\\\/\\\/gazetadametropole.com.br\\\/click\\\/anuncie\\\/\"]}]},{\"@type\":\"ImageObject\",\"inLanguage\":\"pt-BR\",\"@id\":\"https:\\\/\\\/gazetadametropole.com.br\\\/click\\\/anuncie\\\/#primaryimage\",\"url\":\"http:\\\/\\\/gazetadebarao.com.br\\\/click\\\/wp-content\\\/uploads\\\/2017\\\/08\\\/banner-728x90-click.jpg\",\"contentUrl\":\"http:\\\/\\\/gazetadebarao.com.br\\\/click\\\/wp-content\\\/uploads\\\/2017\\\/08\\\/banner-728x90-click.jpg\"},{\"@type\":\"BreadcrumbList\",\"@id\":\"https:\\\/\\\/gazetadametropole.com.br\\\/click\\\/anuncie\\\/#breadcrumb\",\"itemListElement\":[{\"@type\":\"ListItem\",\"position\":1,\"name\":\"In\u00edcio\",\"item\":\"https:\\\/\\\/gazetadametropole.com.br\\\/click\\\/\"},{\"@type\":\"ListItem\",\"position\":2,\"name\":\"Anuncie\"}]},{\"@type\":\"WebSite\",\"@id\":\"https:\\\/\\\/gazetadametropole.com.br\\\/click\\\/#website\",\"url\":\"https:\\\/\\\/gazetadametropole.com.br\\\/click\\\/\",\"name\":\"Click Campinas\",\"description\":\"Promo\u00e7\u00e3o de neg\u00f3cios e dicas. \\\/ Divulga\u00e7\u00e3o de eventos sociais, corporativos, culturais e esportivos. \\\/ Produ\u00e7\u00e3o de v\u00eddeos para redes sociais. \\\/ Gest\u00e3o de automa\u00e7\u00e3o digital.\",\"publisher\":{\"@id\":\"https:\\\/\\\/gazetadametropole.com.br\\\/click\\\/#organization\"},\"potentialAction\":[{\"@type\":\"SearchAction\",\"target\":{\"@type\":\"EntryPoint\",\"urlTemplate\":\"https:\\\/\\\/gazetadametropole.com.br\\\/click\\\/?s={search_term_string}\"},\"query-input\":{\"@type\":\"PropertyValueSpecification\",\"valueRequired\":true,\"valueName\":\"search_term_string\"}}],\"inLanguage\":\"pt-BR\"},{\"@type\":\"Organization\",\"@id\":\"https:\\\/\\\/gazetadametropole.com.br\\\/click\\\/#organization\",\"name\":\"Click Campinas\",\"url\":\"https:\\\/\\\/gazetadametropole.com.br\\\/click\\\/\",\"logo\":{\"@type\":\"ImageObject\",\"inLanguage\":\"pt-BR\",\"@id\":\"https:\\\/\\\/gazetadametropole.com.br\\\/click\\\/#\\\/schema\\\/logo\\\/image\\\/\",\"url\":\"https:\\\/\\\/gazetadametropole.com.br\\\/click\\\/wp-content\\\/uploads\\\/2025\\\/01\\\/cropped-logo-click-Biz.png\",\"contentUrl\":\"https:\\\/\\\/gazetadametropole.com.br\\\/click\\\/wp-content\\\/uploads\\\/2025\\\/01\\\/cropped-logo-click-Biz.png\",\"width\":1062,\"height\":709,\"caption\":\"Click Campinas\"},\"image\":{\"@id\":\"https:\\\/\\\/gazetadametropole.com.br\\\/click\\\/#\\\/schema\\\/logo\\\/image\\\/\"},\"sameAs\":[\"https:\\\/\\\/www.facebook.com\\\/ClickCampinas\\\/\",\"https:\\\/\\\/www.instagram.com\\\/clickcampinas\\\/\"]}]}<\/script>\n<!-- \/ Yoast SEO plugin. -->","yoast_head_json":{"title":"Anuncie &#187; Click Biz","robots":{"index":"index","follow":"follow","max-snippet":"max-snippet:-1","max-image-preview":"max-image-preview:large","max-video-preview":"max-video-preview:-1"},"canonical":"https:\/\/gazetadametropole.com.br\/click\/anuncie\/","og_locale":"pt_BR","og_type":"article","og_title":"Anuncie &#187; Click Biz","og_description":"Valores para anunciar no Click Full Banner (728&#215;90 px) &#8211; R$ 900,00 \/ semana &nbsp; &nbsp; &nbsp; Banner Grande (240&#215;400 px) &#8211; R$ 500,00 \/ semana &nbsp; &nbsp; &nbsp; &nbsp; &nbsp; &nbsp; &nbsp; &nbsp; &nbsp; &nbsp; &nbsp; &nbsp; &nbsp; Banner Pequeno (125&#215;125 px) &#8211; R$ 150,00 \/ semana &nbsp; &nbsp; &nbsp; &nbsp; &nbsp; Banner Post [&hellip;]","og_url":"https:\/\/gazetadametropole.com.br\/click\/anuncie\/","og_site_name":"Click Biz","article_publisher":"https:\/\/www.facebook.com\/ClickCampinas\/","article_modified_time":"2025-09-23T19:33:42+00:00","og_image":[{"url":"http:\/\/gazetadebarao.com.br\/click\/wp-content\/uploads\/2017\/08\/banner-728x90-click.jpg","type":"","width":"","height":""}],"twitter_card":"summary_large_image","twitter_misc":{"Est. tempo de leitura":"2 minutos"},"schema":{"@context":"https:\/\/schema.org","@graph":[{"@type":"WebPage","@id":"https:\/\/gazetadametropole.com.br\/click\/anuncie\/","url":"https:\/\/gazetadametropole.com.br\/click\/anuncie\/","name":"Anuncie &#187; Click Biz","isPartOf":{"@id":"https:\/\/gazetadametropole.com.br\/click\/#website"},"primaryImageOfPage":{"@id":"https:\/\/gazetadametropole.com.br\/click\/anuncie\/#primaryimage"},"image":{"@id":"https:\/\/gazetadametropole.com.br\/click\/anuncie\/#primaryimage"},"thumbnailUrl":"http:\/\/gazetadebarao.com.br\/click\/wp-content\/uploads\/2017\/08\/banner-728x90-click.jpg","datePublished":"2012-12-07T14:35:07+00:00","dateModified":"2025-09-23T19:33:42+00:00","breadcrumb":{"@id":"https:\/\/gazetadametropole.com.br\/click\/anuncie\/#breadcrumb"},"inLanguage":"pt-BR","potentialAction":[{"@type":"ReadAction","target":["https:\/\/gazetadametropole.com.br\/click\/anuncie\/"]}]},{"@type":"ImageObject","inLanguage":"pt-BR","@id":"https:\/\/gazetadametropole.com.br\/click\/anuncie\/#primaryimage","url":"http:\/\/gazetadebarao.com.br\/click\/wp-content\/uploads\/2017\/08\/banner-728x90-click.jpg","contentUrl":"http:\/\/gazetadebarao.com.br\/click\/wp-content\/uploads\/2017\/08\/banner-728x90-click.jpg"},{"@type":"BreadcrumbList","@id":"https:\/\/gazetadametropole.com.br\/click\/anuncie\/#breadcrumb","itemListElement":[{"@type":"ListItem","position":1,"name":"In\u00edcio","item":"https:\/\/gazetadametropole.com.br\/click\/"},{"@type":"ListItem","position":2,"name":"Anuncie"}]},{"@type":"WebSite","@id":"https:\/\/gazetadametropole.com.br\/click\/#website","url":"https:\/\/gazetadametropole.com.br\/click\/","name":"Click Campinas","description":"Promo\u00e7\u00e3o de neg\u00f3cios e dicas. \/ Divulga\u00e7\u00e3o de eventos sociais, corporativos, culturais e esportivos. \/ Produ\u00e7\u00e3o de v\u00eddeos para redes sociais. \/ Gest\u00e3o de automa\u00e7\u00e3o digital.","publisher":{"@id":"https:\/\/gazetadametropole.com.br\/click\/#organization"},"potentialAction":[{"@type":"SearchAction","target":{"@type":"EntryPoint","urlTemplate":"https:\/\/gazetadametropole.com.br\/click\/?s={search_term_string}"},"query-input":{"@type":"PropertyValueSpecification","valueRequired":true,"valueName":"search_term_string"}}],"inLanguage":"pt-BR"},{"@type":"Organization","@id":"https:\/\/gazetadametropole.com.br\/click\/#organization","name":"Click Campinas","url":"https:\/\/gazetadametropole.com.br\/click\/","logo":{"@type":"ImageObject","inLanguage":"pt-BR","@id":"https:\/\/gazetadametropole.com.br\/click\/#\/schema\/logo\/image\/","url":"https:\/\/gazetadametropole.com.br\/click\/wp-content\/uploads\/2025\/01\/cropped-logo-click-Biz.png","contentUrl":"https:\/\/gazetadametropole.com.br\/click\/wp-content\/uploads\/2025\/01\/cropped-logo-click-Biz.png","width":1062,"height":709,"caption":"Click Campinas"},"image":{"@id":"https:\/\/gazetadametropole.com.br\/click\/#\/schema\/logo\/image\/"},"sameAs":["https:\/\/www.facebook.com\/ClickCampinas\/","https:\/\/www.instagram.com\/clickcampinas\/"]}]}},"_links":{"self":[{"href":"https:\/\/gazetadametropole.com.br\/click\/wp-json\/wp\/v2\/pages\/4694","targetHints":{"allow":["GET"]}}],"collection":[{"href":"https:\/\/gazetadametropole.com.br\/click\/wp-json\/wp\/v2\/pages"}],"about":[{"href":"https:\/\/gazetadametropole.com.br\/click\/wp-json\/wp\/v2\/types\/page"}],"author":[{"embeddable":true,"href":"https:\/\/gazetadametropole.com.br\/click\/wp-json\/wp\/v2\/users\/2"}],"replies":[{"embeddable":true,"href":"https:\/\/gazetadametropole.com.br\/click\/wp-json\/wp\/v2\/comments?post=4694"}],"version-history":[{"count":16,"href":"https:\/\/gazetadametropole.com.br\/click\/wp-json\/wp\/v2\/pages\/4694\/revisions"}],"predecessor-version":[{"id":72835,"href":"https:\/\/gazetadametropole.com.br\/click\/wp-json\/wp\/v2\/pages\/4694\/revisions\/72835"}],"wp:attachment":[{"href":"https:\/\/gazetadametropole.com.br\/click\/wp-json\/wp\/v2\/media?parent=4694"}],"curies":[{"name":"wp","href":"https:\/\/api.w.org\/{rel}","templated":true}]}}