{"id":47948,"date":"2017-08-01T09:02:08","date_gmt":"2017-08-01T12:02:08","guid":{"rendered":"http:\/\/gazetadebarao.com.br\/click\/?page_id=47948"},"modified":"2017-08-01T09:02:08","modified_gmt":"2017-08-01T12:02:08","slug":"home","status":"publish","type":"page","link":"https:\/\/gazetadametropole.com.br\/click\/","title":{"rendered":"Home"},"content":{"rendered":"","protected":false},"excerpt":{"rendered":"","protected":false},"author":2,"featured_media":0,"parent":0,"menu_order":0,"comment_status":"closed","ping_status":"closed","template":"","meta":{"footnotes":""},"class_list":["post-47948","page","type-page","status-publish","hentry"],"yoast_head":"<!-- This site is optimized with the Yoast SEO plugin v27.6 - https:\/\/yoast.com\/product\/yoast-seo-wordpress\/ -->\n<title>Home &#187; Click Biz<\/title>\n<meta name=\"robots\" content=\"index, follow, max-snippet:-1, max-image-preview:large, max-video-preview:-1\" \/>\n<link rel=\"canonical\" href=\"https:\/\/gazetadametropole.com.br\/click\/\" \/>\n<meta property=\"og:locale\" content=\"pt_BR\" \/>\n<meta property=\"og:type\" content=\"article\" \/>\n<meta property=\"og:title\" content=\"Home &#187; Click Biz\" \/>\n<meta property=\"og:url\" content=\"https:\/\/gazetadametropole.com.br\/click\/\" \/>\n<meta property=\"og:site_name\" content=\"Click Biz\" \/>\n<meta property=\"article:publisher\" content=\"https:\/\/www.facebook.com\/ClickCampinas\/\" \/>\n<meta name=\"twitter:card\" content=\"summary_large_image\" \/>\n<script type=\"application\/ld+json\" class=\"yoast-schema-graph\">{\"@context\":\"https:\\\/\\\/schema.org\",\"@graph\":[{\"@type\":\"WebPage\",\"@id\":\"https:\\\/\\\/gazetadametropole.com.br\\\/click\\\/\",\"url\":\"https:\\\/\\\/gazetadametropole.com.br\\\/click\\\/\",\"name\":\"Home &#187; Click Biz\",\"isPartOf\":{\"@id\":\"https:\\\/\\\/gazetadametropole.com.br\\\/click\\\/#website\"},\"datePublished\":\"2017-08-01T12:02:08+00:00\",\"breadcrumb\":{\"@id\":\"https:\\\/\\\/gazetadametropole.com.br\\\/click\\\/#breadcrumb\"},\"inLanguage\":\"pt-BR\",\"potentialAction\":[{\"@type\":\"ReadAction\",\"target\":[\"https:\\\/\\\/gazetadametropole.com.br\\\/click\\\/\"]}]},{\"@type\":\"BreadcrumbList\",\"@id\":\"https:\\\/\\\/gazetadametropole.com.br\\\/click\\\/#breadcrumb\",\"itemListElement\":[{\"@type\":\"ListItem\",\"position\":1,\"name\":\"In\u00edcio\",\"item\":\"https:\\\/\\\/gazetadametropole.com.br\\\/click\\\/\"},{\"@type\":\"ListItem\",\"position\":2,\"name\":\"Home\"}]},{\"@type\":\"WebSite\",\"@id\":\"https:\\\/\\\/gazetadametropole.com.br\\\/click\\\/#website\",\"url\":\"https:\\\/\\\/gazetadametropole.com.br\\\/click\\\/\",\"name\":\"Click Campinas\",\"description\":\"Promo\u00e7\u00e3o de neg\u00f3cios e dicas. \\\/ Divulga\u00e7\u00e3o de eventos sociais, corporativos, culturais e esportivos. \\\/ Produ\u00e7\u00e3o de v\u00eddeos para redes sociais. \\\/ Gest\u00e3o de automa\u00e7\u00e3o digital.\",\"publisher\":{\"@id\":\"https:\\\/\\\/gazetadametropole.com.br\\\/click\\\/#organization\"},\"potentialAction\":[{\"@type\":\"SearchAction\",\"target\":{\"@type\":\"EntryPoint\",\"urlTemplate\":\"https:\\\/\\\/gazetadametropole.com.br\\\/click\\\/?s={search_term_string}\"},\"query-input\":{\"@type\":\"PropertyValueSpecification\",\"valueRequired\":true,\"valueName\":\"search_term_string\"}}],\"inLanguage\":\"pt-BR\"},{\"@type\":\"Organization\",\"@id\":\"https:\\\/\\\/gazetadametropole.com.br\\\/click\\\/#organization\",\"name\":\"Click Campinas\",\"url\":\"https:\\\/\\\/gazetadametropole.com.br\\\/click\\\/\",\"logo\":{\"@type\":\"ImageObject\",\"inLanguage\":\"pt-BR\",\"@id\":\"https:\\\/\\\/gazetadametropole.com.br\\\/click\\\/#\\\/schema\\\/logo\\\/image\\\/\",\"url\":\"https:\\\/\\\/gazetadametropole.com.br\\\/click\\\/wp-content\\\/uploads\\\/2025\\\/01\\\/cropped-logo-click-Biz.png\",\"contentUrl\":\"https:\\\/\\\/gazetadametropole.com.br\\\/click\\\/wp-content\\\/uploads\\\/2025\\\/01\\\/cropped-logo-click-Biz.png\",\"width\":1062,\"height\":709,\"caption\":\"Click Campinas\"},\"image\":{\"@id\":\"https:\\\/\\\/gazetadametropole.com.br\\\/click\\\/#\\\/schema\\\/logo\\\/image\\\/\"},\"sameAs\":[\"https:\\\/\\\/www.facebook.com\\\/ClickCampinas\\\/\",\"https:\\\/\\\/www.instagram.com\\\/clickcampinas\\\/\"]}]}<\/script>\n<!-- \/ Yoast SEO plugin. -->","yoast_head_json":{"title":"Home &#187; Click Biz","robots":{"index":"index","follow":"follow","max-snippet":"max-snippet:-1","max-image-preview":"max-image-preview:large","max-video-preview":"max-video-preview:-1"},"canonical":"https:\/\/gazetadametropole.com.br\/click\/","og_locale":"pt_BR","og_type":"article","og_title":"Home &#187; Click Biz","og_url":"https:\/\/gazetadametropole.com.br\/click\/","og_site_name":"Click Biz","article_publisher":"https:\/\/www.facebook.com\/ClickCampinas\/","twitter_card":"summary_large_image","schema":{"@context":"https:\/\/schema.org","@graph":[{"@type":"WebPage","@id":"https:\/\/gazetadametropole.com.br\/click\/","url":"https:\/\/gazetadametropole.com.br\/click\/","name":"Home &#187; Click Biz","isPartOf":{"@id":"https:\/\/gazetadametropole.com.br\/click\/#website"},"datePublished":"2017-08-01T12:02:08+00:00","breadcrumb":{"@id":"https:\/\/gazetadametropole.com.br\/click\/#breadcrumb"},"inLanguage":"pt-BR","potentialAction":[{"@type":"ReadAction","target":["https:\/\/gazetadametropole.com.br\/click\/"]}]},{"@type":"BreadcrumbList","@id":"https:\/\/gazetadametropole.com.br\/click\/#breadcrumb","itemListElement":[{"@type":"ListItem","position":1,"name":"In\u00edcio","item":"https:\/\/gazetadametropole.com.br\/click\/"},{"@type":"ListItem","position":2,"name":"Home"}]},{"@type":"WebSite","@id":"https:\/\/gazetadametropole.com.br\/click\/#website","url":"https:\/\/gazetadametropole.com.br\/click\/","name":"Click Campinas","description":"Promo\u00e7\u00e3o de neg\u00f3cios e dicas. \/ Divulga\u00e7\u00e3o de eventos sociais, corporativos, culturais e esportivos. \/ Produ\u00e7\u00e3o de v\u00eddeos para redes sociais. \/ Gest\u00e3o de automa\u00e7\u00e3o digital.","publisher":{"@id":"https:\/\/gazetadametropole.com.br\/click\/#organization"},"potentialAction":[{"@type":"SearchAction","target":{"@type":"EntryPoint","urlTemplate":"https:\/\/gazetadametropole.com.br\/click\/?s={search_term_string}"},"query-input":{"@type":"PropertyValueSpecification","valueRequired":true,"valueName":"search_term_string"}}],"inLanguage":"pt-BR"},{"@type":"Organization","@id":"https:\/\/gazetadametropole.com.br\/click\/#organization","name":"Click Campinas","url":"https:\/\/gazetadametropole.com.br\/click\/","logo":{"@type":"ImageObject","inLanguage":"pt-BR","@id":"https:\/\/gazetadametropole.com.br\/click\/#\/schema\/logo\/image\/","url":"https:\/\/gazetadametropole.com.br\/click\/wp-content\/uploads\/2025\/01\/cropped-logo-click-Biz.png","contentUrl":"https:\/\/gazetadametropole.com.br\/click\/wp-content\/uploads\/2025\/01\/cropped-logo-click-Biz.png","width":1062,"height":709,"caption":"Click Campinas"},"image":{"@id":"https:\/\/gazetadametropole.com.br\/click\/#\/schema\/logo\/image\/"},"sameAs":["https:\/\/www.facebook.com\/ClickCampinas\/","https:\/\/www.instagram.com\/clickcampinas\/"]}]}},"_links":{"self":[{"href":"https:\/\/gazetadametropole.com.br\/click\/wp-json\/wp\/v2\/pages\/47948","targetHints":{"allow":["GET"]}}],"collection":[{"href":"https:\/\/gazetadametropole.com.br\/click\/wp-json\/wp\/v2\/pages"}],"about":[{"href":"https:\/\/gazetadametropole.com.br\/click\/wp-json\/wp\/v2\/types\/page"}],"author":[{"embeddable":true,"href":"https:\/\/gazetadametropole.com.br\/click\/wp-json\/wp\/v2\/users\/2"}],"replies":[{"embeddable":true,"href":"https:\/\/gazetadametropole.com.br\/click\/wp-json\/wp\/v2\/comments?post=47948"}],"version-history":[{"count":1,"href":"https:\/\/gazetadametropole.com.br\/click\/wp-json\/wp\/v2\/pages\/47948\/revisions"}],"predecessor-version":[{"id":47949,"href":"https:\/\/gazetadametropole.com.br\/click\/wp-json\/wp\/v2\/pages\/47948\/revisions\/47949"}],"wp:attachment":[{"href":"https:\/\/gazetadametropole.com.br\/click\/wp-json\/wp\/v2\/media?parent=47948"}],"curies":[{"name":"wp","href":"https:\/\/api.w.org\/{rel}","templated":true}]}}