{"id":72433,"date":"2025-07-03T12:44:32","date_gmt":"2025-07-03T15:44:32","guid":{"rendered":"https:\/\/gazetadametropole.com.br\/click\/?page_id=72433"},"modified":"2025-07-03T12:44:32","modified_gmt":"2025-07-03T15:44:32","slug":"servicos","status":"publish","type":"page","link":"https:\/\/gazetadametropole.com.br\/click\/servicos\/","title":{"rendered":"Servi\u00e7os"},"content":{"rendered":"<p><strong>Click Biz \u2013 Conecte-se com seu p\u00fablico<\/strong><\/p>\n<p class=\"paragraph\" data-pm-slice=\"1 1 [&quot;document&quot;,{&quot;aiOptions&quot;:{&quot;preserveLayouts&quot;:false,&quot;imageOptions&quot;:{&quot;license&quot;:&quot;All&quot;,&quot;provider&quot;:&quot;aiGenerated&quot;,&quot;generateStyle&quot;:&quot;professional, modern, photography&quot;,&quot;model&quot;:&quot;flux-kontext-fast&quot;,&quot;stylePreset&quot;:&quot;Theme&quot;}},&quot;docId&quot;:&quot;c35rq6d51wpbxgp&quot;,&quot;background&quot;:{&quot;type&quot;:&quot;none&quot;},&quot;docFlags&quot;:{&quot;cardLayoutsEnabled&quot;:true},&quot;format&quot;:&quot;deck&quot;,&quot;customCode&quot;:{},&quot;settings&quot;:{&quot;defaultFullBleed&quot;:&quot;contained&quot;,&quot;stylesDerivedFrom&quot;:&quot;deck_default&quot;,&quot;cardDimensions&quot;:&quot;fluid&quot;,&quot;verticalAlign&quot;:&quot;center&quot;,&quot;defaultContentWidth&quot;:&quot;lg&quot;,&quot;fontSize&quot;:&quot;md&quot;,&quot;scaleContentToFit&quot;:false,&quot;animationsEnabled&quot;:true},&quot;generateStatus&quot;:&quot;done&quot;,&quot;generateInfo&quot;:{&quot;interactionId&quot;:&quot;ycdhpfwihujnnvp&quot;,&quot;streamId&quot;:&quot;c35rq6d51wpbxgp&quot;,&quot;lastEventId&quot;:&quot;8&quot;,&quot;lastCompletedCardId&quot;:&quot;u24ivq08su8dgcl&quot;,&quot;lastCompletedCardIndex&quot;:7}},&quot;card&quot;,{&quot;id&quot;:&quot;myksamy24c7tz38&quot;,&quot;previewContent&quot;:null,&quot;background&quot;:{&quot;type&quot;:&quot;none&quot;},&quot;container&quot;:{},&quot;cardSize&quot;:&quot;default&quot;,&quot;layout&quot;:&quot;left&quot;,&quot;layoutTemplateColumns&quot;:null,&quot;layoutTemplateRows&quot;:null,&quot;verticalAlign&quot;:null,&quot;generatorInput&quot;:null,&quot;fontScale&quot;:null,&quot;cardMarginSettings&quot;:{},&quot;hidden&quot;:false},&quot;cardLayoutItem&quot;,{&quot;itemId&quot;:&quot;body&quot;}]\">Bem-vindo \u00e0 Click Biz! Estamos aqui para transformar a maneira como voc\u00ea se conecta com seu p\u00fablico nas redes sociais, usando o poder do v\u00eddeo mobile.<\/p>\n<ul>\n<li data-pm-slice=\"1 1 [&quot;document&quot;,{&quot;aiOptions&quot;:{&quot;preserveLayouts&quot;:false,&quot;imageOptions&quot;:{&quot;license&quot;:&quot;All&quot;,&quot;provider&quot;:&quot;aiGenerated&quot;,&quot;generateStyle&quot;:&quot;professional, modern, photography&quot;,&quot;model&quot;:&quot;flux-kontext-fast&quot;,&quot;stylePreset&quot;:&quot;Theme&quot;}},&quot;docId&quot;:&quot;c35rq6d51wpbxgp&quot;,&quot;background&quot;:{&quot;type&quot;:&quot;none&quot;},&quot;docFlags&quot;:{&quot;cardLayoutsEnabled&quot;:true},&quot;format&quot;:&quot;deck&quot;,&quot;customCode&quot;:{},&quot;settings&quot;:{&quot;defaultFullBleed&quot;:&quot;contained&quot;,&quot;stylesDerivedFrom&quot;:&quot;deck_default&quot;,&quot;cardDimensions&quot;:&quot;fluid&quot;,&quot;verticalAlign&quot;:&quot;center&quot;,&quot;defaultContentWidth&quot;:&quot;lg&quot;,&quot;fontSize&quot;:&quot;md&quot;,&quot;scaleContentToFit&quot;:false,&quot;animationsEnabled&quot;:true},&quot;generateStatus&quot;:&quot;done&quot;,&quot;generateInfo&quot;:{&quot;interactionId&quot;:&quot;ycdhpfwihujnnvp&quot;,&quot;streamId&quot;:&quot;c35rq6d51wpbxgp&quot;,&quot;lastEventId&quot;:&quot;8&quot;,&quot;lastCompletedCardId&quot;:&quot;u24ivq08su8dgcl&quot;,&quot;lastCompletedCardIndex&quot;:7}},&quot;card&quot;,{&quot;id&quot;:&quot;myksamy24c7tz38&quot;,&quot;previewContent&quot;:null,&quot;background&quot;:{&quot;type&quot;:&quot;none&quot;},&quot;container&quot;:{},&quot;cardSize&quot;:&quot;default&quot;,&quot;layout&quot;:&quot;left&quot;,&quot;layoutTemplateColumns&quot;:null,&quot;layoutTemplateRows&quot;:null,&quot;verticalAlign&quot;:null,&quot;generatorInput&quot;:null,&quot;fontScale&quot;:null,&quot;cardMarginSettings&quot;:{},&quot;hidden&quot;:false},&quot;cardLayoutItem&quot;,{&quot;itemId&quot;:&quot;body&quot;}]\">Nossos servi\u00e7os:\n<ul>\n<li data-pm-slice=\"1 1 [&quot;document&quot;,{&quot;aiOptions&quot;:{&quot;preserveLayouts&quot;:false,&quot;imageOptions&quot;:{&quot;license&quot;:&quot;All&quot;,&quot;provider&quot;:&quot;aiGenerated&quot;,&quot;generateStyle&quot;:&quot;professional, modern, photography&quot;,&quot;model&quot;:&quot;flux-kontext-fast&quot;,&quot;stylePreset&quot;:&quot;Theme&quot;}},&quot;docId&quot;:&quot;c35rq6d51wpbxgp&quot;,&quot;background&quot;:{&quot;type&quot;:&quot;none&quot;},&quot;docFlags&quot;:{&quot;cardLayoutsEnabled&quot;:true},&quot;format&quot;:&quot;deck&quot;,&quot;customCode&quot;:{},&quot;settings&quot;:{&quot;defaultFullBleed&quot;:&quot;contained&quot;,&quot;stylesDerivedFrom&quot;:&quot;deck_default&quot;,&quot;cardDimensions&quot;:&quot;fluid&quot;,&quot;verticalAlign&quot;:&quot;center&quot;,&quot;defaultContentWidth&quot;:&quot;lg&quot;,&quot;fontSize&quot;:&quot;md&quot;,&quot;scaleContentToFit&quot;:false,&quot;animationsEnabled&quot;:true},&quot;generateStatus&quot;:&quot;done&quot;,&quot;generateInfo&quot;:{&quot;interactionId&quot;:&quot;ycdhpfwihujnnvp&quot;,&quot;streamId&quot;:&quot;c35rq6d51wpbxgp&quot;,&quot;lastEventId&quot;:&quot;8&quot;,&quot;lastCompletedCardId&quot;:&quot;u24ivq08su8dgcl&quot;,&quot;lastCompletedCardIndex&quot;:7}},&quot;card&quot;,{&quot;id&quot;:&quot;myksamy24c7tz38&quot;,&quot;previewContent&quot;:null,&quot;background&quot;:{&quot;type&quot;:&quot;none&quot;},&quot;container&quot;:{},&quot;cardSize&quot;:&quot;default&quot;,&quot;layout&quot;:&quot;left&quot;,&quot;layoutTemplateColumns&quot;:null,&quot;layoutTemplateRows&quot;:null,&quot;verticalAlign&quot;:null,&quot;generatorInput&quot;:null,&quot;fontScale&quot;:null,&quot;cardMarginSettings&quot;:{},&quot;hidden&quot;:false},&quot;cardLayoutItem&quot;,{&quot;itemId&quot;:&quot;body&quot;}]\">Produ\u00e7\u00e3o de v\u00eddeos mobile para redes sociais<\/li>\n<li data-pm-slice=\"1 1 [&quot;document&quot;,{&quot;aiOptions&quot;:{&quot;preserveLayouts&quot;:false,&quot;imageOptions&quot;:{&quot;license&quot;:&quot;All&quot;,&quot;provider&quot;:&quot;aiGenerated&quot;,&quot;generateStyle&quot;:&quot;professional, modern, photography&quot;,&quot;model&quot;:&quot;flux-kontext-fast&quot;,&quot;stylePreset&quot;:&quot;Theme&quot;}},&quot;docId&quot;:&quot;c35rq6d51wpbxgp&quot;,&quot;background&quot;:{&quot;type&quot;:&quot;none&quot;},&quot;docFlags&quot;:{&quot;cardLayoutsEnabled&quot;:true},&quot;format&quot;:&quot;deck&quot;,&quot;customCode&quot;:{},&quot;settings&quot;:{&quot;defaultFullBleed&quot;:&quot;contained&quot;,&quot;stylesDerivedFrom&quot;:&quot;deck_default&quot;,&quot;cardDimensions&quot;:&quot;fluid&quot;,&quot;verticalAlign&quot;:&quot;center&quot;,&quot;defaultContentWidth&quot;:&quot;lg&quot;,&quot;fontSize&quot;:&quot;md&quot;,&quot;scaleContentToFit&quot;:false,&quot;animationsEnabled&quot;:true},&quot;generateStatus&quot;:&quot;done&quot;,&quot;generateInfo&quot;:{&quot;interactionId&quot;:&quot;ycdhpfwihujnnvp&quot;,&quot;streamId&quot;:&quot;c35rq6d51wpbxgp&quot;,&quot;lastEventId&quot;:&quot;8&quot;,&quot;lastCompletedCardId&quot;:&quot;u24ivq08su8dgcl&quot;,&quot;lastCompletedCardIndex&quot;:7}},&quot;card&quot;,{&quot;id&quot;:&quot;myksamy24c7tz38&quot;,&quot;previewContent&quot;:null,&quot;background&quot;:{&quot;type&quot;:&quot;none&quot;},&quot;container&quot;:{},&quot;cardSize&quot;:&quot;default&quot;,&quot;layout&quot;:&quot;left&quot;,&quot;layoutTemplateColumns&quot;:null,&quot;layoutTemplateRows&quot;:null,&quot;verticalAlign&quot;:null,&quot;generatorInput&quot;:null,&quot;fontScale&quot;:null,&quot;cardMarginSettings&quot;:{},&quot;hidden&quot;:false},&quot;cardLayoutItem&quot;,{&quot;itemId&quot;:&quot;body&quot;}]\">StoryMaker<\/li>\n<li data-pm-slice=\"1 1 [&quot;document&quot;,{&quot;aiOptions&quot;:{&quot;preserveLayouts&quot;:false,&quot;imageOptions&quot;:{&quot;license&quot;:&quot;All&quot;,&quot;provider&quot;:&quot;aiGenerated&quot;,&quot;generateStyle&quot;:&quot;professional, modern, photography&quot;,&quot;model&quot;:&quot;flux-kontext-fast&quot;,&quot;stylePreset&quot;:&quot;Theme&quot;}},&quot;docId&quot;:&quot;c35rq6d51wpbxgp&quot;,&quot;background&quot;:{&quot;type&quot;:&quot;none&quot;},&quot;docFlags&quot;:{&quot;cardLayoutsEnabled&quot;:true},&quot;format&quot;:&quot;deck&quot;,&quot;customCode&quot;:{},&quot;settings&quot;:{&quot;defaultFullBleed&quot;:&quot;contained&quot;,&quot;stylesDerivedFrom&quot;:&quot;deck_default&quot;,&quot;cardDimensions&quot;:&quot;fluid&quot;,&quot;verticalAlign&quot;:&quot;center&quot;,&quot;defaultContentWidth&quot;:&quot;lg&quot;,&quot;fontSize&quot;:&quot;md&quot;,&quot;scaleContentToFit&quot;:false,&quot;animationsEnabled&quot;:true},&quot;generateStatus&quot;:&quot;done&quot;,&quot;generateInfo&quot;:{&quot;interactionId&quot;:&quot;ycdhpfwihujnnvp&quot;,&quot;streamId&quot;:&quot;c35rq6d51wpbxgp&quot;,&quot;lastEventId&quot;:&quot;8&quot;,&quot;lastCompletedCardId&quot;:&quot;u24ivq08su8dgcl&quot;,&quot;lastCompletedCardIndex&quot;:7}},&quot;card&quot;,{&quot;id&quot;:&quot;myksamy24c7tz38&quot;,&quot;previewContent&quot;:null,&quot;background&quot;:{&quot;type&quot;:&quot;none&quot;},&quot;container&quot;:{},&quot;cardSize&quot;:&quot;default&quot;,&quot;layout&quot;:&quot;left&quot;,&quot;layoutTemplateColumns&quot;:null,&quot;layoutTemplateRows&quot;:null,&quot;verticalAlign&quot;:null,&quot;generatorInput&quot;:null,&quot;fontScale&quot;:null,&quot;cardMarginSettings&quot;:{},&quot;hidden&quot;:false},&quot;cardLayoutItem&quot;,{&quot;itemId&quot;:&quot;body&quot;}]\">Gest\u00e3o de automa\u00e7\u00e3o<\/li>\n<li data-pm-slice=\"1 1 [&quot;document&quot;,{&quot;aiOptions&quot;:{&quot;preserveLayouts&quot;:false,&quot;imageOptions&quot;:{&quot;license&quot;:&quot;All&quot;,&quot;provider&quot;:&quot;aiGenerated&quot;,&quot;generateStyle&quot;:&quot;professional, modern, photography&quot;,&quot;model&quot;:&quot;flux-kontext-fast&quot;,&quot;stylePreset&quot;:&quot;Theme&quot;}},&quot;docId&quot;:&quot;c35rq6d51wpbxgp&quot;,&quot;background&quot;:{&quot;type&quot;:&quot;none&quot;},&quot;docFlags&quot;:{&quot;cardLayoutsEnabled&quot;:true},&quot;format&quot;:&quot;deck&quot;,&quot;customCode&quot;:{},&quot;settings&quot;:{&quot;defaultFullBleed&quot;:&quot;contained&quot;,&quot;stylesDerivedFrom&quot;:&quot;deck_default&quot;,&quot;cardDimensions&quot;:&quot;fluid&quot;,&quot;verticalAlign&quot;:&quot;center&quot;,&quot;defaultContentWidth&quot;:&quot;lg&quot;,&quot;fontSize&quot;:&quot;md&quot;,&quot;scaleContentToFit&quot;:false,&quot;animationsEnabled&quot;:true},&quot;generateStatus&quot;:&quot;done&quot;,&quot;generateInfo&quot;:{&quot;interactionId&quot;:&quot;ycdhpfwihujnnvp&quot;,&quot;streamId&quot;:&quot;c35rq6d51wpbxgp&quot;,&quot;lastEventId&quot;:&quot;8&quot;,&quot;lastCompletedCardId&quot;:&quot;u24ivq08su8dgcl&quot;,&quot;lastCompletedCardIndex&quot;:7}},&quot;card&quot;,{&quot;id&quot;:&quot;myksamy24c7tz38&quot;,&quot;previewContent&quot;:null,&quot;background&quot;:{&quot;type&quot;:&quot;none&quot;},&quot;container&quot;:{},&quot;cardSize&quot;:&quot;default&quot;,&quot;layout&quot;:&quot;left&quot;,&quot;layoutTemplateColumns&quot;:null,&quot;layoutTemplateRows&quot;:null,&quot;verticalAlign&quot;:null,&quot;generatorInput&quot;:null,&quot;fontScale&quot;:null,&quot;cardMarginSettings&quot;:{},&quot;hidden&quot;:false},&quot;cardLayoutItem&quot;,{&quot;itemId&quot;:&quot;body&quot;}]\">Divulga\u00e7\u00e3o de Neg\u00f3cios e Servi\u00e7os<\/li>\n<li data-pm-slice=\"1 1 [&quot;document&quot;,{&quot;aiOptions&quot;:{&quot;preserveLayouts&quot;:false,&quot;imageOptions&quot;:{&quot;license&quot;:&quot;All&quot;,&quot;provider&quot;:&quot;aiGenerated&quot;,&quot;generateStyle&quot;:&quot;professional, modern, photography&quot;,&quot;model&quot;:&quot;flux-kontext-fast&quot;,&quot;stylePreset&quot;:&quot;Theme&quot;}},&quot;docId&quot;:&quot;c35rq6d51wpbxgp&quot;,&quot;background&quot;:{&quot;type&quot;:&quot;none&quot;},&quot;docFlags&quot;:{&quot;cardLayoutsEnabled&quot;:true},&quot;format&quot;:&quot;deck&quot;,&quot;customCode&quot;:{},&quot;settings&quot;:{&quot;defaultFullBleed&quot;:&quot;contained&quot;,&quot;stylesDerivedFrom&quot;:&quot;deck_default&quot;,&quot;cardDimensions&quot;:&quot;fluid&quot;,&quot;verticalAlign&quot;:&quot;center&quot;,&quot;defaultContentWidth&quot;:&quot;lg&quot;,&quot;fontSize&quot;:&quot;md&quot;,&quot;scaleContentToFit&quot;:false,&quot;animationsEnabled&quot;:true},&quot;generateStatus&quot;:&quot;done&quot;,&quot;generateInfo&quot;:{&quot;interactionId&quot;:&quot;ycdhpfwihujnnvp&quot;,&quot;streamId&quot;:&quot;c35rq6d51wpbxgp&quot;,&quot;lastEventId&quot;:&quot;8&quot;,&quot;lastCompletedCardId&quot;:&quot;u24ivq08su8dgcl&quot;,&quot;lastCompletedCardIndex&quot;:7}},&quot;card&quot;,{&quot;id&quot;:&quot;myksamy24c7tz38&quot;,&quot;previewContent&quot;:null,&quot;background&quot;:{&quot;type&quot;:&quot;none&quot;},&quot;container&quot;:{},&quot;cardSize&quot;:&quot;default&quot;,&quot;layout&quot;:&quot;left&quot;,&quot;layoutTemplateColumns&quot;:null,&quot;layoutTemplateRows&quot;:null,&quot;verticalAlign&quot;:null,&quot;generatorInput&quot;:null,&quot;fontScale&quot;:null,&quot;cardMarginSettings&quot;:{},&quot;hidden&quot;:false},&quot;cardLayoutItem&quot;,{&quot;itemId&quot;:&quot;body&quot;}]\">Cobertura Fotogr\u00e1fica de Eventos Sociais, Corporativos, Culturais e Esportivos.<\/li>\n<\/ul>\n<\/li>\n<\/ul>\n<p>Agende uma reuni\u00e3o,\u00a0 entre em contato pelo WhatsApp:\u00a0<a href=\"https:\/\/wa.me\/5519994767403\" target=\"_blank\" rel=\"noopener\">19 99476-7403<\/a><br \/>\nou e-mail:\u00a0<a href=\"mailto:clickbizbr@gmail.com\" target=\"_blank\" rel=\"noopener\">clickbizbr@gmail.com<\/a><\/p>\n<p class=\"paragraph\" data-pm-slice=\"1 1 [&quot;document&quot;,{&quot;aiOptions&quot;:{&quot;preserveLayouts&quot;:false,&quot;imageOptions&quot;:{&quot;license&quot;:&quot;All&quot;,&quot;provider&quot;:&quot;aiGenerated&quot;,&quot;generateStyle&quot;:&quot;professional, modern, photography&quot;,&quot;model&quot;:&quot;flux-kontext-fast&quot;,&quot;stylePreset&quot;:&quot;Theme&quot;}},&quot;docId&quot;:&quot;c35rq6d51wpbxgp&quot;,&quot;background&quot;:{&quot;type&quot;:&quot;none&quot;},&quot;docFlags&quot;:{&quot;cardLayoutsEnabled&quot;:true},&quot;format&quot;:&quot;deck&quot;,&quot;customCode&quot;:{},&quot;settings&quot;:{&quot;defaultFullBleed&quot;:&quot;contained&quot;,&quot;stylesDerivedFrom&quot;:&quot;deck_default&quot;,&quot;cardDimensions&quot;:&quot;fluid&quot;,&quot;verticalAlign&quot;:&quot;center&quot;,&quot;defaultContentWidth&quot;:&quot;lg&quot;,&quot;fontSize&quot;:&quot;md&quot;,&quot;scaleContentToFit&quot;:false,&quot;animationsEnabled&quot;:true},&quot;generateStatus&quot;:&quot;done&quot;,&quot;generateInfo&quot;:{&quot;interactionId&quot;:&quot;ycdhpfwihujnnvp&quot;,&quot;streamId&quot;:&quot;c35rq6d51wpbxgp&quot;,&quot;lastEventId&quot;:&quot;8&quot;,&quot;lastCompletedCardId&quot;:&quot;u24ivq08su8dgcl&quot;,&quot;lastCompletedCardIndex&quot;:7}},&quot;card&quot;,{&quot;id&quot;:&quot;u24ivq08su8dgcl&quot;,&quot;previewContent&quot;:null,&quot;background&quot;:{&quot;type&quot;:&quot;none&quot;},&quot;container&quot;:{},&quot;cardSize&quot;:&quot;default&quot;,&quot;layout&quot;:&quot;left&quot;,&quot;layoutTemplateColumns&quot;:null,&quot;layoutTemplateRows&quot;:null,&quot;verticalAlign&quot;:null,&quot;generatorInput&quot;:null,&quot;fontScale&quot;:null,&quot;cardMarginSettings&quot;:{},&quot;hidden&quot;:false},&quot;cardLayoutItem&quot;,{&quot;itemId&quot;:&quot;body&quot;}]\">A Click Biz est\u00e1 ansiosa para ser sua parceira de sucesso no mundo digital.<\/p>\n","protected":false},"excerpt":{"rendered":"<p>Click Biz \u2013 Conecte-se com seu p\u00fablico Bem-vindo \u00e0 Click Biz! Estamos aqui para transformar a maneira como voc\u00ea se conecta com seu p\u00fablico nas redes sociais, usando o poder do v\u00eddeo mobile. Nossos servi\u00e7os: Produ\u00e7\u00e3o de v\u00eddeos mobile para redes sociais StoryMaker Gest\u00e3o de automa\u00e7\u00e3o Divulga\u00e7\u00e3o de Neg\u00f3cios e Servi\u00e7os Cobertura Fotogr\u00e1fica de Eventos [&hellip;]<\/p>\n","protected":false},"author":2,"featured_media":0,"parent":0,"menu_order":0,"comment_status":"closed","ping_status":"closed","template":"","meta":{"footnotes":""},"class_list":["post-72433","page","type-page","status-publish","hentry"],"yoast_head":"<!-- This site is optimized with the Yoast SEO plugin v27.6 - https:\/\/yoast.com\/product\/yoast-seo-wordpress\/ -->\n<title>Servi\u00e7os &#187; Click Biz<\/title>\n<meta name=\"description\" content=\"Solu\u00e7\u00f5es em Marketing Digital - Gest\u00e3o de automa\u00e7\u00e3o - Gest\u00e3o de Redes Sociais - Produ\u00e7\u00e3o de v\u00eddeo mobile\" \/>\n<meta name=\"robots\" content=\"index, follow, max-snippet:-1, max-image-preview:large, max-video-preview:-1\" \/>\n<link rel=\"canonical\" href=\"https:\/\/gazetadametropole.com.br\/click\/servicos\/\" \/>\n<meta property=\"og:locale\" content=\"pt_BR\" \/>\n<meta property=\"og:type\" content=\"article\" \/>\n<meta property=\"og:title\" content=\"Servi\u00e7os &#187; Click Biz\" \/>\n<meta property=\"og:description\" content=\"Solu\u00e7\u00f5es em Marketing Digital - Gest\u00e3o de automa\u00e7\u00e3o - Gest\u00e3o de Redes Sociais - Produ\u00e7\u00e3o de v\u00eddeo mobile\" \/>\n<meta property=\"og:url\" content=\"https:\/\/gazetadametropole.com.br\/click\/servicos\/\" \/>\n<meta property=\"og:site_name\" content=\"Click Biz\" \/>\n<meta property=\"article:publisher\" content=\"https:\/\/www.facebook.com\/ClickCampinas\/\" \/>\n<meta name=\"twitter:card\" content=\"summary_large_image\" \/>\n<meta name=\"twitter:label1\" content=\"Est. tempo de leitura\" \/>\n\t<meta name=\"twitter:data1\" content=\"1 minuto\" \/>\n<script type=\"application\/ld+json\" class=\"yoast-schema-graph\">{\"@context\":\"https:\\\/\\\/schema.org\",\"@graph\":[{\"@type\":\"WebPage\",\"@id\":\"https:\\\/\\\/gazetadametropole.com.br\\\/click\\\/servicos\\\/\",\"url\":\"https:\\\/\\\/gazetadametropole.com.br\\\/click\\\/servicos\\\/\",\"name\":\"Servi\u00e7os &#187; Click Biz\",\"isPartOf\":{\"@id\":\"https:\\\/\\\/gazetadametropole.com.br\\\/click\\\/#website\"},\"datePublished\":\"2025-07-03T15:44:32+00:00\",\"description\":\"Solu\u00e7\u00f5es em Marketing Digital - Gest\u00e3o de automa\u00e7\u00e3o - Gest\u00e3o de Redes Sociais - Produ\u00e7\u00e3o de v\u00eddeo mobile\",\"breadcrumb\":{\"@id\":\"https:\\\/\\\/gazetadametropole.com.br\\\/click\\\/servicos\\\/#breadcrumb\"},\"inLanguage\":\"pt-BR\",\"potentialAction\":[{\"@type\":\"ReadAction\",\"target\":[\"https:\\\/\\\/gazetadametropole.com.br\\\/click\\\/servicos\\\/\"]}]},{\"@type\":\"BreadcrumbList\",\"@id\":\"https:\\\/\\\/gazetadametropole.com.br\\\/click\\\/servicos\\\/#breadcrumb\",\"itemListElement\":[{\"@type\":\"ListItem\",\"position\":1,\"name\":\"In\u00edcio\",\"item\":\"https:\\\/\\\/gazetadametropole.com.br\\\/click\\\/\"},{\"@type\":\"ListItem\",\"position\":2,\"name\":\"Servi\u00e7os\"}]},{\"@type\":\"WebSite\",\"@id\":\"https:\\\/\\\/gazetadametropole.com.br\\\/click\\\/#website\",\"url\":\"https:\\\/\\\/gazetadametropole.com.br\\\/click\\\/\",\"name\":\"Click Campinas\",\"description\":\"Promo\u00e7\u00e3o de neg\u00f3cios e dicas. \\\/ Divulga\u00e7\u00e3o de eventos sociais, corporativos, culturais e esportivos. \\\/ Produ\u00e7\u00e3o de v\u00eddeos para redes sociais. \\\/ Gest\u00e3o de automa\u00e7\u00e3o digital.\",\"publisher\":{\"@id\":\"https:\\\/\\\/gazetadametropole.com.br\\\/click\\\/#organization\"},\"potentialAction\":[{\"@type\":\"SearchAction\",\"target\":{\"@type\":\"EntryPoint\",\"urlTemplate\":\"https:\\\/\\\/gazetadametropole.com.br\\\/click\\\/?s={search_term_string}\"},\"query-input\":{\"@type\":\"PropertyValueSpecification\",\"valueRequired\":true,\"valueName\":\"search_term_string\"}}],\"inLanguage\":\"pt-BR\"},{\"@type\":\"Organization\",\"@id\":\"https:\\\/\\\/gazetadametropole.com.br\\\/click\\\/#organization\",\"name\":\"Click Campinas\",\"url\":\"https:\\\/\\\/gazetadametropole.com.br\\\/click\\\/\",\"logo\":{\"@type\":\"ImageObject\",\"inLanguage\":\"pt-BR\",\"@id\":\"https:\\\/\\\/gazetadametropole.com.br\\\/click\\\/#\\\/schema\\\/logo\\\/image\\\/\",\"url\":\"https:\\\/\\\/gazetadametropole.com.br\\\/click\\\/wp-content\\\/uploads\\\/2025\\\/01\\\/cropped-logo-click-Biz.png\",\"contentUrl\":\"https:\\\/\\\/gazetadametropole.com.br\\\/click\\\/wp-content\\\/uploads\\\/2025\\\/01\\\/cropped-logo-click-Biz.png\",\"width\":1062,\"height\":709,\"caption\":\"Click Campinas\"},\"image\":{\"@id\":\"https:\\\/\\\/gazetadametropole.com.br\\\/click\\\/#\\\/schema\\\/logo\\\/image\\\/\"},\"sameAs\":[\"https:\\\/\\\/www.facebook.com\\\/ClickCampinas\\\/\",\"https:\\\/\\\/www.instagram.com\\\/clickcampinas\\\/\"]}]}<\/script>\n<!-- \/ Yoast SEO plugin. -->","yoast_head_json":{"title":"Servi\u00e7os &#187; Click Biz","description":"Solu\u00e7\u00f5es em Marketing Digital - Gest\u00e3o de automa\u00e7\u00e3o - Gest\u00e3o de Redes Sociais - Produ\u00e7\u00e3o de v\u00eddeo mobile","robots":{"index":"index","follow":"follow","max-snippet":"max-snippet:-1","max-image-preview":"max-image-preview:large","max-video-preview":"max-video-preview:-1"},"canonical":"https:\/\/gazetadametropole.com.br\/click\/servicos\/","og_locale":"pt_BR","og_type":"article","og_title":"Servi\u00e7os &#187; Click Biz","og_description":"Solu\u00e7\u00f5es em Marketing Digital - Gest\u00e3o de automa\u00e7\u00e3o - Gest\u00e3o de Redes Sociais - Produ\u00e7\u00e3o de v\u00eddeo mobile","og_url":"https:\/\/gazetadametropole.com.br\/click\/servicos\/","og_site_name":"Click Biz","article_publisher":"https:\/\/www.facebook.com\/ClickCampinas\/","twitter_card":"summary_large_image","twitter_misc":{"Est. tempo de leitura":"1 minuto"},"schema":{"@context":"https:\/\/schema.org","@graph":[{"@type":"WebPage","@id":"https:\/\/gazetadametropole.com.br\/click\/servicos\/","url":"https:\/\/gazetadametropole.com.br\/click\/servicos\/","name":"Servi\u00e7os &#187; Click Biz","isPartOf":{"@id":"https:\/\/gazetadametropole.com.br\/click\/#website"},"datePublished":"2025-07-03T15:44:32+00:00","description":"Solu\u00e7\u00f5es em Marketing Digital - Gest\u00e3o de automa\u00e7\u00e3o - Gest\u00e3o de Redes Sociais - Produ\u00e7\u00e3o de v\u00eddeo mobile","breadcrumb":{"@id":"https:\/\/gazetadametropole.com.br\/click\/servicos\/#breadcrumb"},"inLanguage":"pt-BR","potentialAction":[{"@type":"ReadAction","target":["https:\/\/gazetadametropole.com.br\/click\/servicos\/"]}]},{"@type":"BreadcrumbList","@id":"https:\/\/gazetadametropole.com.br\/click\/servicos\/#breadcrumb","itemListElement":[{"@type":"ListItem","position":1,"name":"In\u00edcio","item":"https:\/\/gazetadametropole.com.br\/click\/"},{"@type":"ListItem","position":2,"name":"Servi\u00e7os"}]},{"@type":"WebSite","@id":"https:\/\/gazetadametropole.com.br\/click\/#website","url":"https:\/\/gazetadametropole.com.br\/click\/","name":"Click Campinas","description":"Promo\u00e7\u00e3o de neg\u00f3cios e dicas. \/ Divulga\u00e7\u00e3o de eventos sociais, corporativos, culturais e esportivos. \/ Produ\u00e7\u00e3o de v\u00eddeos para redes sociais. \/ Gest\u00e3o de automa\u00e7\u00e3o digital.","publisher":{"@id":"https:\/\/gazetadametropole.com.br\/click\/#organization"},"potentialAction":[{"@type":"SearchAction","target":{"@type":"EntryPoint","urlTemplate":"https:\/\/gazetadametropole.com.br\/click\/?s={search_term_string}"},"query-input":{"@type":"PropertyValueSpecification","valueRequired":true,"valueName":"search_term_string"}}],"inLanguage":"pt-BR"},{"@type":"Organization","@id":"https:\/\/gazetadametropole.com.br\/click\/#organization","name":"Click Campinas","url":"https:\/\/gazetadametropole.com.br\/click\/","logo":{"@type":"ImageObject","inLanguage":"pt-BR","@id":"https:\/\/gazetadametropole.com.br\/click\/#\/schema\/logo\/image\/","url":"https:\/\/gazetadametropole.com.br\/click\/wp-content\/uploads\/2025\/01\/cropped-logo-click-Biz.png","contentUrl":"https:\/\/gazetadametropole.com.br\/click\/wp-content\/uploads\/2025\/01\/cropped-logo-click-Biz.png","width":1062,"height":709,"caption":"Click Campinas"},"image":{"@id":"https:\/\/gazetadametropole.com.br\/click\/#\/schema\/logo\/image\/"},"sameAs":["https:\/\/www.facebook.com\/ClickCampinas\/","https:\/\/www.instagram.com\/clickcampinas\/"]}]}},"_links":{"self":[{"href":"https:\/\/gazetadametropole.com.br\/click\/wp-json\/wp\/v2\/pages\/72433","targetHints":{"allow":["GET"]}}],"collection":[{"href":"https:\/\/gazetadametropole.com.br\/click\/wp-json\/wp\/v2\/pages"}],"about":[{"href":"https:\/\/gazetadametropole.com.br\/click\/wp-json\/wp\/v2\/types\/page"}],"author":[{"embeddable":true,"href":"https:\/\/gazetadametropole.com.br\/click\/wp-json\/wp\/v2\/users\/2"}],"replies":[{"embeddable":true,"href":"https:\/\/gazetadametropole.com.br\/click\/wp-json\/wp\/v2\/comments?post=72433"}],"version-history":[{"count":1,"href":"https:\/\/gazetadametropole.com.br\/click\/wp-json\/wp\/v2\/pages\/72433\/revisions"}],"predecessor-version":[{"id":72434,"href":"https:\/\/gazetadametropole.com.br\/click\/wp-json\/wp\/v2\/pages\/72433\/revisions\/72434"}],"wp:attachment":[{"href":"https:\/\/gazetadametropole.com.br\/click\/wp-json\/wp\/v2\/media?parent=72433"}],"curies":[{"name":"wp","href":"https:\/\/api.w.org\/{rel}","templated":true}]}}